{"id":74360,"date":"2024-11-07T15:49:03","date_gmt":"2024-11-07T14:49:03","guid":{"rendered":"https:\/\/www.pratic.it\/pergole\/pergole-alluminio-con-telo\/"},"modified":"2025-06-24T13:14:57","modified_gmt":"2025-06-24T11:14:57","slug":"pergolen-mit-tuch","status":"publish","type":"page","link":"https:\/\/www.pratic.it\/de\/pergolen\/pergolen-mit-tuch\/","title":{"rendered":"Pergolen mit Tuch"},"content":{"rendered":"","protected":false},"excerpt":{"rendered":"","protected":false},"author":18,"featured_media":0,"parent":74343,"menu_order":0,"comment_status":"closed","ping_status":"closed","template":"","meta":{"_acf_changed":false,"footnotes":""},"class_list":["post-74360","page","type-page","status-publish","hentry"],"acf":[],"yoast_head":"<!-- This site is optimized with the Yoast SEO plugin v24.7 - https:\/\/yoast.com\/wordpress\/plugins\/seo\/ -->\n<title>Pergolen aus Aluminiummit Dachplane - Pratic<\/title>\n<meta name=\"description\" content=\"Pergolen von Pratic vereinen schlichtes Design, Funktionalit\u00e4t und Komfort mit Aluminiumstrukturen und PVC-Dach f\u00fcr Wohn- und Ho.Re.Ca.-R\u00e4ume.\" \/>\n<meta name=\"robots\" content=\"index, follow, max-snippet:-1, max-image-preview:large, max-video-preview:-1\" \/>\n<link rel=\"canonical\" href=\"https:\/\/www.pratic.it\/de\/wp-json\/wp\/v2\/pages\/74360\" \/>\n<meta property=\"og:locale\" content=\"de_DE\" \/>\n<meta property=\"og:type\" content=\"article\" \/>\n<meta property=\"og:title\" content=\"Pergolen aus Aluminiummit Dachplane - Pratic\" \/>\n<meta property=\"og:description\" content=\"Pergolen von Pratic vereinen schlichtes Design, Funktionalit\u00e4t und Komfort mit Aluminiumstrukturen und PVC-Dach f\u00fcr Wohn- und Ho.Re.Ca.-R\u00e4ume.\" \/>\n<meta property=\"og:url\" content=\"https:\/\/www.pratic.it\/de\/pergolen\/pergolen-mit-tuch\/\" \/>\n<meta property=\"og:site_name\" content=\"Pratic\" \/>\n<meta property=\"article:modified_time\" content=\"2025-06-24T11:14:57+00:00\" \/>\n<meta name=\"twitter:card\" content=\"summary_large_image\" \/>\n<script type=\"application\/ld+json\" class=\"yoast-schema-graph\">{\"@context\":\"https:\/\/schema.org\",\"@graph\":[{\"@type\":\"WebPage\",\"@id\":\"https:\/\/www.pratic.it\/de\/pergolen\/pergolen-mit-tuch\/\",\"url\":\"https:\/\/www.pratic.it\/de\/pergolen\/pergolen-mit-tuch\/\",\"name\":\"Pergolen aus Aluminiummit Dachplane - Pratic\",\"isPartOf\":{\"@id\":\"https:\/\/www.pratic.it\/de\/#website\"},\"datePublished\":\"2024-11-07T14:49:03+00:00\",\"dateModified\":\"2025-06-24T11:14:57+00:00\",\"description\":\"Pergolen von Pratic vereinen schlichtes Design, Funktionalit\u00e4t und Komfort mit Aluminiumstrukturen und PVC-Dach f\u00fcr Wohn- und Ho.Re.Ca.-R\u00e4ume.\",\"breadcrumb\":{\"@id\":\"https:\/\/www.pratic.it\/de\/pergolen\/pergolen-mit-tuch\/#breadcrumb\"},\"inLanguage\":\"de-DE\",\"potentialAction\":[{\"@type\":\"ReadAction\",\"target\":[\"https:\/\/www.pratic.it\/de\/pergolen\/pergolen-mit-tuch\/\"]}]},{\"@type\":\"BreadcrumbList\",\"@id\":\"https:\/\/www.pratic.it\/de\/pergolen\/pergolen-mit-tuch\/#breadcrumb\",\"itemListElement\":[{\"@type\":\"ListItem\",\"position\":1,\"name\":\"Home\",\"item\":\"https:\/\/www.pratic.it\/de\/\"},{\"@type\":\"ListItem\",\"position\":2,\"name\":\"Pergolen\",\"item\":\"https:\/\/www.pratic.it\/de\/pergolen\/\"},{\"@type\":\"ListItem\",\"position\":3,\"name\":\"Pergolen mit Tuch\"}]},{\"@type\":\"WebSite\",\"@id\":\"https:\/\/www.pratic.it\/de\/#website\",\"url\":\"https:\/\/www.pratic.it\/de\/\",\"name\":\"Pratic\",\"description\":\"Open Air Culture\",\"publisher\":{\"@id\":\"https:\/\/www.pratic.it\/de\/#organization\"},\"potentialAction\":[{\"@type\":\"SearchAction\",\"target\":{\"@type\":\"EntryPoint\",\"urlTemplate\":\"https:\/\/www.pratic.it\/de\/?s={search_term_string}\"},\"query-input\":{\"@type\":\"PropertyValueSpecification\",\"valueRequired\":true,\"valueName\":\"search_term_string\"}}],\"inLanguage\":\"de-DE\"},{\"@type\":\"Organization\",\"@id\":\"https:\/\/www.pratic.it\/de\/#organization\",\"name\":\"Pratic Spa\",\"alternateName\":\"Pratic\",\"url\":\"https:\/\/www.pratic.it\/de\/\",\"logo\":{\"@type\":\"ImageObject\",\"inLanguage\":\"de-DE\",\"@id\":\"https:\/\/www.pratic.it\/de\/#\/schema\/logo\/image\/\",\"url\":\"https:\/\/www.pratic.it\/app\/uploads\/2026\/03\/pratic-logo.webp\",\"contentUrl\":\"https:\/\/www.pratic.it\/app\/uploads\/2026\/03\/pratic-logo.webp\",\"width\":696,\"height\":696,\"caption\":\"Pratic Spa\"},\"image\":{\"@id\":\"https:\/\/www.pratic.it\/de\/#\/schema\/logo\/image\/\"}}]}<\/script>\n<!-- \/ Yoast SEO plugin. -->","yoast_head_json":{"title":"Pergolen aus Aluminiummit Dachplane - Pratic","description":"Pergolen von Pratic vereinen schlichtes Design, Funktionalit\u00e4t und Komfort mit Aluminiumstrukturen und PVC-Dach f\u00fcr Wohn- und Ho.Re.Ca.-R\u00e4ume.","robots":{"index":"index","follow":"follow","max-snippet":"max-snippet:-1","max-image-preview":"max-image-preview:large","max-video-preview":"max-video-preview:-1"},"canonical":"https:\/\/www.pratic.it\/de\/wp-json\/wp\/v2\/pages\/74360","og_locale":"de_DE","og_type":"article","og_title":"Pergolen aus Aluminiummit Dachplane - Pratic","og_description":"Pergolen von Pratic vereinen schlichtes Design, Funktionalit\u00e4t und Komfort mit Aluminiumstrukturen und PVC-Dach f\u00fcr Wohn- und Ho.Re.Ca.-R\u00e4ume.","og_url":"https:\/\/www.pratic.it\/de\/pergolen\/pergolen-mit-tuch\/","og_site_name":"Pratic","article_modified_time":"2025-06-24T11:14:57+00:00","twitter_card":"summary_large_image","schema":{"@context":"https:\/\/schema.org","@graph":[{"@type":"WebPage","@id":"https:\/\/www.pratic.it\/de\/pergolen\/pergolen-mit-tuch\/","url":"https:\/\/www.pratic.it\/de\/pergolen\/pergolen-mit-tuch\/","name":"Pergolen aus Aluminiummit Dachplane - Pratic","isPartOf":{"@id":"https:\/\/www.pratic.it\/de\/#website"},"datePublished":"2024-11-07T14:49:03+00:00","dateModified":"2025-06-24T11:14:57+00:00","description":"Pergolen von Pratic vereinen schlichtes Design, Funktionalit\u00e4t und Komfort mit Aluminiumstrukturen und PVC-Dach f\u00fcr Wohn- und Ho.Re.Ca.-R\u00e4ume.","breadcrumb":{"@id":"https:\/\/www.pratic.it\/de\/pergolen\/pergolen-mit-tuch\/#breadcrumb"},"inLanguage":"de-DE","potentialAction":[{"@type":"ReadAction","target":["https:\/\/www.pratic.it\/de\/pergolen\/pergolen-mit-tuch\/"]}]},{"@type":"BreadcrumbList","@id":"https:\/\/www.pratic.it\/de\/pergolen\/pergolen-mit-tuch\/#breadcrumb","itemListElement":[{"@type":"ListItem","position":1,"name":"Home","item":"https:\/\/www.pratic.it\/de\/"},{"@type":"ListItem","position":2,"name":"Pergolen","item":"https:\/\/www.pratic.it\/de\/pergolen\/"},{"@type":"ListItem","position":3,"name":"Pergolen mit Tuch"}]},{"@type":"WebSite","@id":"https:\/\/www.pratic.it\/de\/#website","url":"https:\/\/www.pratic.it\/de\/","name":"Pratic","description":"Open Air Culture","publisher":{"@id":"https:\/\/www.pratic.it\/de\/#organization"},"potentialAction":[{"@type":"SearchAction","target":{"@type":"EntryPoint","urlTemplate":"https:\/\/www.pratic.it\/de\/?s={search_term_string}"},"query-input":{"@type":"PropertyValueSpecification","valueRequired":true,"valueName":"search_term_string"}}],"inLanguage":"de-DE"},{"@type":"Organization","@id":"https:\/\/www.pratic.it\/de\/#organization","name":"Pratic Spa","alternateName":"Pratic","url":"https:\/\/www.pratic.it\/de\/","logo":{"@type":"ImageObject","inLanguage":"de-DE","@id":"https:\/\/www.pratic.it\/de\/#\/schema\/logo\/image\/","url":"https:\/\/www.pratic.it\/app\/uploads\/2026\/03\/pratic-logo.webp","contentUrl":"https:\/\/www.pratic.it\/app\/uploads\/2026\/03\/pratic-logo.webp","width":696,"height":696,"caption":"Pratic Spa"},"image":{"@id":"https:\/\/www.pratic.it\/de\/#\/schema\/logo\/image\/"}}]}},"_links":{"self":[{"href":"https:\/\/www.pratic.it\/de\/wp-json\/wp\/v2\/pages\/74360","targetHints":{"allow":["GET"]}}],"collection":[{"href":"https:\/\/www.pratic.it\/de\/wp-json\/wp\/v2\/pages"}],"about":[{"href":"https:\/\/www.pratic.it\/de\/wp-json\/wp\/v2\/types\/page"}],"author":[{"embeddable":true,"href":"https:\/\/www.pratic.it\/de\/wp-json\/wp\/v2\/users\/18"}],"replies":[{"embeddable":true,"href":"https:\/\/www.pratic.it\/de\/wp-json\/wp\/v2\/comments?post=74360"}],"version-history":[{"count":6,"href":"https:\/\/www.pratic.it\/de\/wp-json\/wp\/v2\/pages\/74360\/revisions"}],"predecessor-version":[{"id":82166,"href":"https:\/\/www.pratic.it\/de\/wp-json\/wp\/v2\/pages\/74360\/revisions\/82166"}],"up":[{"embeddable":true,"href":"https:\/\/www.pratic.it\/de\/wp-json\/wp\/v2\/pages\/74343"}],"wp:attachment":[{"href":"https:\/\/www.pratic.it\/de\/wp-json\/wp\/v2\/media?parent=74360"}],"curies":[{"name":"wp","href":"https:\/\/api.w.org\/{rel}","templated":true}]}}