{"id":76054,"date":"2024-07-16T10:26:55","date_gmt":"2024-07-16T08:26:55","guid":{"rendered":"https:\/\/www.pratic.it\/home\/"},"modified":"2026-01-30T09:12:50","modified_gmt":"2026-01-30T08:12:50","slug":"home","status":"publish","type":"page","link":"https:\/\/www.pratic.it\/es\/","title":{"rendered":"Home"},"content":{"rendered":"","protected":false},"excerpt":{"rendered":"","protected":false},"author":1,"featured_media":0,"parent":0,"menu_order":0,"comment_status":"closed","ping_status":"closed","template":"","meta":{"_acf_changed":false,"footnotes":""},"class_list":["post-76054","page","type-page","status-publish","hentry"],"acf":[],"yoast_head":"<!-- This site is optimized with the Yoast SEO plugin v24.7 - https:\/\/yoast.com\/wordpress\/plugins\/seo\/ -->\n<title>Descubra la Open Air Culture - Pratic<\/title>\n<meta name=\"description\" content=\"Pratic, desde 1960, es pionera en dise\u00f1o y producci\u00f3n de toldos, p\u00e9rgolas y estructuras exteriores con innovaci\u00f3n y calidad total.\" \/>\n<meta name=\"robots\" content=\"index, follow, max-snippet:-1, max-image-preview:large, max-video-preview:-1\" \/>\n<link rel=\"canonical\" href=\"https:\/\/www.pratic.it\/es\/wp-json\/wp\/v2\/pages\/76054\" \/>\n<meta property=\"og:locale\" content=\"es_ES\" \/>\n<meta property=\"og:type\" content=\"article\" \/>\n<meta property=\"og:title\" content=\"Descubra la Open Air Culture - Pratic\" \/>\n<meta property=\"og:description\" content=\"Pratic, desde 1960, es pionera en dise\u00f1o y producci\u00f3n de toldos, p\u00e9rgolas y estructuras exteriores con innovaci\u00f3n y calidad total.\" \/>\n<meta property=\"og:url\" content=\"https:\/\/www.pratic.it\/es\/\" \/>\n<meta property=\"og:site_name\" content=\"Pratic\" \/>\n<meta property=\"article:modified_time\" content=\"2026-01-30T08:12:50+00:00\" \/>\n<meta name=\"twitter:card\" content=\"summary_large_image\" \/>\n<script type=\"application\/ld+json\" class=\"yoast-schema-graph\">{\"@context\":\"https:\/\/schema.org\",\"@graph\":[{\"@type\":\"WebPage\",\"@id\":\"https:\/\/www.pratic.it\/es\/\",\"url\":\"https:\/\/www.pratic.it\/es\/\",\"name\":\"Descubra la Open Air Culture - Pratic\",\"isPartOf\":{\"@id\":\"https:\/\/www.pratic.it\/es\/#website\"},\"datePublished\":\"2024-07-16T08:26:55+00:00\",\"dateModified\":\"2026-01-30T08:12:50+00:00\",\"description\":\"Pratic, desde 1960, es pionera en dise\u00f1o y producci\u00f3n de toldos, p\u00e9rgolas y estructuras exteriores con innovaci\u00f3n y calidad total.\",\"breadcrumb\":{\"@id\":\"https:\/\/www.pratic.it\/es\/#breadcrumb\"},\"inLanguage\":\"es-ES\",\"potentialAction\":[{\"@type\":\"ReadAction\",\"target\":[\"https:\/\/www.pratic.it\/es\/\"]}]},{\"@type\":\"BreadcrumbList\",\"@id\":\"https:\/\/www.pratic.it\/es\/#breadcrumb\",\"itemListElement\":[{\"@type\":\"ListItem\",\"position\":1,\"name\":\"Home\",\"item\":\"https:\/\/www.pratic.it\/es\/\"},{\"@type\":\"ListItem\",\"position\":2,\"name\":\"Home\"}]},{\"@type\":\"WebSite\",\"@id\":\"https:\/\/www.pratic.it\/es\/#website\",\"url\":\"https:\/\/www.pratic.it\/es\/\",\"name\":\"Pratic\",\"description\":\"Open Air Culture\",\"publisher\":{\"@id\":\"https:\/\/www.pratic.it\/es\/#organization\"},\"potentialAction\":[{\"@type\":\"SearchAction\",\"target\":{\"@type\":\"EntryPoint\",\"urlTemplate\":\"https:\/\/www.pratic.it\/es\/?s={search_term_string}\"},\"query-input\":{\"@type\":\"PropertyValueSpecification\",\"valueRequired\":true,\"valueName\":\"search_term_string\"}}],\"inLanguage\":\"es-ES\"},{\"@type\":\"Organization\",\"@id\":\"https:\/\/www.pratic.it\/es\/#organization\",\"name\":\"Pratic Spa\",\"alternateName\":\"Pratic\",\"url\":\"https:\/\/www.pratic.it\/es\/\",\"logo\":{\"@type\":\"ImageObject\",\"inLanguage\":\"es-ES\",\"@id\":\"https:\/\/www.pratic.it\/es\/#\/schema\/logo\/image\/\",\"url\":\"https:\/\/www.pratic.it\/app\/uploads\/2026\/03\/pratic-logo.webp\",\"contentUrl\":\"https:\/\/www.pratic.it\/app\/uploads\/2026\/03\/pratic-logo.webp\",\"width\":696,\"height\":696,\"caption\":\"Pratic Spa\"},\"image\":{\"@id\":\"https:\/\/www.pratic.it\/es\/#\/schema\/logo\/image\/\"}}]}<\/script>\n<!-- \/ Yoast SEO plugin. -->","yoast_head_json":{"title":"Descubra la Open Air Culture - Pratic","description":"Pratic, desde 1960, es pionera en dise\u00f1o y producci\u00f3n de toldos, p\u00e9rgolas y estructuras exteriores con innovaci\u00f3n y calidad total.","robots":{"index":"index","follow":"follow","max-snippet":"max-snippet:-1","max-image-preview":"max-image-preview:large","max-video-preview":"max-video-preview:-1"},"canonical":"https:\/\/www.pratic.it\/es\/wp-json\/wp\/v2\/pages\/76054","og_locale":"es_ES","og_type":"article","og_title":"Descubra la Open Air Culture - Pratic","og_description":"Pratic, desde 1960, es pionera en dise\u00f1o y producci\u00f3n de toldos, p\u00e9rgolas y estructuras exteriores con innovaci\u00f3n y calidad total.","og_url":"https:\/\/www.pratic.it\/es\/","og_site_name":"Pratic","article_modified_time":"2026-01-30T08:12:50+00:00","twitter_card":"summary_large_image","schema":{"@context":"https:\/\/schema.org","@graph":[{"@type":"WebPage","@id":"https:\/\/www.pratic.it\/es\/","url":"https:\/\/www.pratic.it\/es\/","name":"Descubra la Open Air Culture - Pratic","isPartOf":{"@id":"https:\/\/www.pratic.it\/es\/#website"},"datePublished":"2024-07-16T08:26:55+00:00","dateModified":"2026-01-30T08:12:50+00:00","description":"Pratic, desde 1960, es pionera en dise\u00f1o y producci\u00f3n de toldos, p\u00e9rgolas y estructuras exteriores con innovaci\u00f3n y calidad total.","breadcrumb":{"@id":"https:\/\/www.pratic.it\/es\/#breadcrumb"},"inLanguage":"es-ES","potentialAction":[{"@type":"ReadAction","target":["https:\/\/www.pratic.it\/es\/"]}]},{"@type":"BreadcrumbList","@id":"https:\/\/www.pratic.it\/es\/#breadcrumb","itemListElement":[{"@type":"ListItem","position":1,"name":"Home","item":"https:\/\/www.pratic.it\/es\/"},{"@type":"ListItem","position":2,"name":"Home"}]},{"@type":"WebSite","@id":"https:\/\/www.pratic.it\/es\/#website","url":"https:\/\/www.pratic.it\/es\/","name":"Pratic","description":"Open Air Culture","publisher":{"@id":"https:\/\/www.pratic.it\/es\/#organization"},"potentialAction":[{"@type":"SearchAction","target":{"@type":"EntryPoint","urlTemplate":"https:\/\/www.pratic.it\/es\/?s={search_term_string}"},"query-input":{"@type":"PropertyValueSpecification","valueRequired":true,"valueName":"search_term_string"}}],"inLanguage":"es-ES"},{"@type":"Organization","@id":"https:\/\/www.pratic.it\/es\/#organization","name":"Pratic Spa","alternateName":"Pratic","url":"https:\/\/www.pratic.it\/es\/","logo":{"@type":"ImageObject","inLanguage":"es-ES","@id":"https:\/\/www.pratic.it\/es\/#\/schema\/logo\/image\/","url":"https:\/\/www.pratic.it\/app\/uploads\/2026\/03\/pratic-logo.webp","contentUrl":"https:\/\/www.pratic.it\/app\/uploads\/2026\/03\/pratic-logo.webp","width":696,"height":696,"caption":"Pratic Spa"},"image":{"@id":"https:\/\/www.pratic.it\/es\/#\/schema\/logo\/image\/"}}]}},"_links":{"self":[{"href":"https:\/\/www.pratic.it\/es\/wp-json\/wp\/v2\/pages\/76054","targetHints":{"allow":["GET"]}}],"collection":[{"href":"https:\/\/www.pratic.it\/es\/wp-json\/wp\/v2\/pages"}],"about":[{"href":"https:\/\/www.pratic.it\/es\/wp-json\/wp\/v2\/types\/page"}],"author":[{"embeddable":true,"href":"https:\/\/www.pratic.it\/es\/wp-json\/wp\/v2\/users\/1"}],"replies":[{"embeddable":true,"href":"https:\/\/www.pratic.it\/es\/wp-json\/wp\/v2\/comments?post=76054"}],"version-history":[{"count":11,"href":"https:\/\/www.pratic.it\/es\/wp-json\/wp\/v2\/pages\/76054\/revisions"}],"predecessor-version":[{"id":84232,"href":"https:\/\/www.pratic.it\/es\/wp-json\/wp\/v2\/pages\/76054\/revisions\/84232"}],"wp:attachment":[{"href":"https:\/\/www.pratic.it\/es\/wp-json\/wp\/v2\/media?parent=76054"}],"curies":[{"name":"wp","href":"https:\/\/api.w.org\/{rel}","templated":true}]}}